{"id":1214,"date":"2023-03-06T08:49:03","date_gmt":"2023-03-06T07:49:03","guid":{"rendered":"https:\/\/sts-tech.hr\/kontakt\/"},"modified":"2024-09-04T13:36:49","modified_gmt":"2024-09-04T11:36:49","slug":"kontakt","status":"publish","type":"page","link":"https:\/\/sts-tech.hr\/hr\/kontakt\/","title":{"rendered":"Kontakt"},"content":{"rendered":"\t\t<div data-elementor-type=\"wp-page\" data-elementor-id=\"1214\" class=\"elementor elementor-1214 elementor-19\" data-elementor-post-type=\"page\">\n\t\t\t\t\t\t<section class=\"elementor-section elementor-top-section elementor-element elementor-element-347e437 elementor-section-stretched elementor-section-boxed elementor-section-height-default elementor-section-height-default\" data-id=\"347e437\" data-element_type=\"section\" data-settings=\"{&quot;stretch_section&quot;:&quot;section-stretched&quot;,&quot;background_background&quot;:&quot;classic&quot;}\">\n\t\t\t\t\t\t<div class=\"elementor-container elementor-column-gap-wider\">\n\t\t\t\t\t<div class=\"elementor-column elementor-col-100 elementor-top-column elementor-element elementor-element-1c7008a\" data-id=\"1c7008a\" data-element_type=\"column\">\n\t\t\t<div class=\"elementor-widget-wrap elementor-element-populated\">\n\t\t\t\t\t\t<section class=\"elementor-section elementor-inner-section elementor-element elementor-element-cf872e0 elementor-section-boxed elementor-section-height-default elementor-section-height-default\" data-id=\"cf872e0\" data-element_type=\"section\">\n\t\t\t\t\t\t<div class=\"elementor-container elementor-column-gap-default\">\n\t\t\t\t\t<div class=\"elementor-column elementor-col-100 elementor-inner-column elementor-element elementor-element-cc0b140\" data-id=\"cc0b140\" data-element_type=\"column\">\n\t\t\t<div class=\"elementor-widget-wrap elementor-element-populated\">\n\t\t\t\t\t\t<div class=\"elementor-element elementor-element-35f64a7 elementor-widget elementor-widget-heading\" data-id=\"35f64a7\" data-element_type=\"widget\" data-widget_type=\"heading.default\">\n\t\t\t\t<div class=\"elementor-widget-container\">\n\t\t\t\t\t<h6 class=\"elementor-heading-title elementor-size-default\">KONTAKT<\/h6>\t\t\t\t<\/div>\n\t\t\t\t<\/div>\n\t\t\t\t<div class=\"elementor-element elementor-element-9f684c6 elementor-widget__width-initial elementor-widget elementor-widget-heading\" data-id=\"9f684c6\" data-element_type=\"widget\" data-widget_type=\"heading.default\">\n\t\t\t\t<div class=\"elementor-widget-container\">\n\t\t\t\t\t<h3 class=\"elementor-heading-title elementor-size-default\">U slu\u010daju pitanja, slobodno nas kontaktirajte telefonom, putem kontakt obrasca ili e-maila.<\/h3>\t\t\t\t<\/div>\n\t\t\t\t<\/div>\n\t\t\t\t\t<\/div>\n\t\t<\/div>\n\t\t\t\t\t<\/div>\n\t\t<\/section>\n\t\t\t\t<section class=\"elementor-section elementor-inner-section elementor-element elementor-element-245180e elementor-section-boxed elementor-section-height-default elementor-section-height-default\" data-id=\"245180e\" data-element_type=\"section\">\n\t\t\t\t\t\t<div class=\"elementor-container elementor-column-gap-default\">\n\t\t\t\t\t<div class=\"elementor-column elementor-col-50 elementor-inner-column elementor-element elementor-element-d4d86c0\" data-id=\"d4d86c0\" data-element_type=\"column\">\n\t\t\t<div class=\"elementor-widget-wrap elementor-element-populated\">\n\t\t\t\t\t\t<div class=\"elementor-element elementor-element-a134de0 elementor-widget elementor-widget-image\" data-id=\"a134de0\" data-element_type=\"widget\" data-widget_type=\"image.default\">\n\t\t\t\t<div class=\"elementor-widget-container\">\n\t\t\t\t\t\t\t\t\t\t\t\t\t\t\t<img fetchpriority=\"high\" decoding=\"async\" width=\"1200\" height=\"675\" src=\"https:\/\/sts-tech.hr\/wp-content\/uploads\/2023\/08\/sts-dron-screenshot-1-1200x675.jpg\" class=\"attachment-large size-large wp-image-278\" alt=\"\" srcset=\"https:\/\/sts-tech.hr\/wp-content\/uploads\/2023\/08\/sts-dron-screenshot-1-1200x675.jpg 1200w, https:\/\/sts-tech.hr\/wp-content\/uploads\/2023\/08\/sts-dron-screenshot-1-500x281.jpg 500w, https:\/\/sts-tech.hr\/wp-content\/uploads\/2023\/08\/sts-dron-screenshot-1-300x169.jpg 300w, https:\/\/sts-tech.hr\/wp-content\/uploads\/2023\/08\/sts-dron-screenshot-1-768x432.jpg 768w, https:\/\/sts-tech.hr\/wp-content\/uploads\/2023\/08\/sts-dron-screenshot-1-133x75.jpg 133w, https:\/\/sts-tech.hr\/wp-content\/uploads\/2023\/08\/sts-dron-screenshot-1-480x270.jpg 480w\" sizes=\"(max-width:767px) 480px, (max-width:1200px) 100vw, 1200px\" \/>\t\t\t\t\t\t\t\t\t\t\t\t\t\t\t<\/div>\n\t\t\t\t<\/div>\n\t\t\t\t<div class=\"elementor-element elementor-element-43f9ccb elementor-vertical-align-middle elementor-position-left elementor-widget-tablet__width-initial elementor-widget elementor-widget-image-box\" data-id=\"43f9ccb\" data-element_type=\"widget\" data-widget_type=\"image-box.default\">\n\t\t\t\t<div class=\"elementor-widget-container\">\n\t\t\t\t\t<div class=\"elementor-image-box-wrapper\"><figure class=\"elementor-image-box-img\"><a href=\"tel:0038540629914\" tabindex=\"-1\"><img decoding=\"async\" src=\"https:\/\/sts-tech.hr\/wp-content\/uploads\/2023\/03\/bebusiness7-footer-icon2_el.svg\" title=\"\" alt=\"\" loading=\"lazy\" \/><\/a><\/figure><div class=\"elementor-image-box-content\"><h3 class=\"elementor-image-box-title\"><a href=\"tel:0038540629914\">+385 (0)40 629 914<\/a><\/h3><\/div><\/div>\t\t\t\t<\/div>\n\t\t\t\t<\/div>\n\t\t\t\t<div class=\"elementor-element elementor-element-1d27118 elementor-vertical-align-middle elementor-position-left elementor-widget-tablet__width-initial elementor-widget elementor-widget-image-box\" data-id=\"1d27118\" data-element_type=\"widget\" data-widget_type=\"image-box.default\">\n\t\t\t\t<div class=\"elementor-widget-container\">\n\t\t\t\t\t<div class=\"elementor-image-box-wrapper\"><figure class=\"elementor-image-box-img\"><a href=\"mailto:info@sts-tech.hr\" tabindex=\"-1\"><img decoding=\"async\" src=\"https:\/\/sts-tech.hr\/wp-content\/uploads\/2023\/03\/bebusiness7-footer-icon1_el.svg\" title=\"\" alt=\"\" loading=\"lazy\" \/><\/a><\/figure><div class=\"elementor-image-box-content\"><h3 class=\"elementor-image-box-title\"><a href=\"mailto:info@sts-tech.hr\">info@sts-tech.hr<\/a><\/h3><\/div><\/div>\t\t\t\t<\/div>\n\t\t\t\t<\/div>\n\t\t\t\t<div class=\"elementor-element elementor-element-d42506d elementor-vertical-align-middle elementor-position-left elementor-widget-tablet__width-initial elementor-widget elementor-widget-image-box\" data-id=\"d42506d\" data-element_type=\"widget\" data-widget_type=\"image-box.default\">\n\t\t\t\t<div class=\"elementor-widget-container\">\n\t\t\t\t\t<div class=\"elementor-image-box-wrapper\"><figure class=\"elementor-image-box-img\"><a href=\"mailto:info@sts-tech.hr\" tabindex=\"-1\"><img decoding=\"async\" width=\"96\" height=\"96\" src=\"https:\/\/sts-tech.hr\/wp-content\/uploads\/2023\/08\/map-pin-sts.svg\" class=\"attachment-full size-full wp-image-287\" alt=\"\" \/><\/a><\/figure><div class=\"elementor-image-box-content\"><h5 class=\"elementor-image-box-title\"><a href=\"mailto:info@sts-tech.hr\">Sjedi\u0161te tvrtke i proizvodnja<\/a><\/h5><p class=\"elementor-image-box-description\">Ulica Svetog Josipa Radnika 4<br>\n\n40315 Mursko Sredi\u0161\u0107e<br>\n\nHrvatska<\/p><\/div><\/div>\t\t\t\t<\/div>\n\t\t\t\t<\/div>\n\t\t\t\t\t<\/div>\n\t\t<\/div>\n\t\t\t\t<div class=\"elementor-column elementor-col-50 elementor-inner-column elementor-element elementor-element-41b166b\" data-id=\"41b166b\" data-element_type=\"column\" data-settings=\"{&quot;background_background&quot;:&quot;classic&quot;}\">\n\t\t\t<div class=\"elementor-widget-wrap elementor-element-populated\">\n\t\t\t\t\t\t<div class=\"elementor-element elementor-element-567eeb8 elementor-widget elementor-widget-heading\" data-id=\"567eeb8\" data-element_type=\"widget\" data-widget_type=\"heading.default\">\n\t\t\t\t<div class=\"elementor-widget-container\">\n\t\t\t\t\t<h3 class=\"elementor-heading-title elementor-size-default\">Ispunite obrazac kako biste nas direktno kontaktirali<\/h3>\t\t\t\t<\/div>\n\t\t\t\t<\/div>\n\t\t\t\t<div class=\"elementor-element elementor-element-d80186b elementor-widget elementor-widget-shortcode\" data-id=\"d80186b\" data-element_type=\"widget\" data-widget_type=\"shortcode.default\">\n\t\t\t\t<div class=\"elementor-widget-container\">\n\t\t\t\t\t\t\t<div class=\"elementor-shortcode\">\n<div class=\"wpcf7 no-js\" id=\"wpcf7-f1261-o1\" lang=\"hr\" dir=\"ltr\" data-wpcf7-id=\"1261\">\n<div class=\"screen-reader-response\"><p role=\"status\" aria-live=\"polite\" aria-atomic=\"true\"><\/p> <ul><\/ul><\/div>\n<form action=\"\/hr\/wp-json\/wp\/v2\/pages\/1214#wpcf7-f1261-o1\" method=\"post\" class=\"wpcf7-form init\" aria-label=\"Kontakt obrazac\" novalidate=\"novalidate\" data-status=\"init\">\n<div style=\"display: none;\">\n<input type=\"hidden\" name=\"_wpcf7\" value=\"1261\" \/>\n<input type=\"hidden\" name=\"_wpcf7_version\" value=\"6.0.3\" \/>\n<input type=\"hidden\" name=\"_wpcf7_locale\" value=\"hr\" \/>\n<input type=\"hidden\" name=\"_wpcf7_unit_tag\" value=\"wpcf7-f1261-o1\" \/>\n<input type=\"hidden\" name=\"_wpcf7_container_post\" value=\"0\" \/>\n<input type=\"hidden\" name=\"_wpcf7_posted_data_hash\" value=\"\" \/>\n<input type=\"hidden\" name=\"_wpcf7_recaptcha_response\" value=\"\" \/>\n<\/div>\n<div class=\"column one\">\n\t<p><span class=\"wpcf7-form-control-wrap\" data-name=\"your-name\"><input size=\"40\" maxlength=\"400\" class=\"wpcf7-form-control wpcf7-text wpcf7-validates-as-required\" aria-required=\"true\" aria-invalid=\"false\" placeholder=\"Va\u0161e ime i prezime*\" value=\"\" type=\"text\" name=\"your-name\" \/><\/span>\n\t<\/p>\n<\/div>\n<div class=\"column one\">\n\t<p><span class=\"wpcf7-form-control-wrap\" data-name=\"your-phone\"><input size=\"40\" maxlength=\"400\" class=\"wpcf7-form-control wpcf7-tel wpcf7-validates-as-required wpcf7-text wpcf7-validates-as-tel\" aria-required=\"true\" aria-invalid=\"false\" placeholder=\"Telefon*\" value=\"\" type=\"tel\" name=\"your-phone\" \/><\/span>\n\t<\/p>\n<\/div>\n<div class=\"column one\">\n\t<p><span class=\"wpcf7-form-control-wrap\" data-name=\"your-email\"><input size=\"40\" maxlength=\"400\" class=\"wpcf7-form-control wpcf7-email wpcf7-validates-as-required wpcf7-text wpcf7-validates-as-email\" aria-required=\"true\" aria-invalid=\"false\" placeholder=\"Va\u0161a E-mail adresa*\" value=\"\" type=\"email\" name=\"your-email\" \/><\/span>\n\t<\/p>\n<\/div>\n<div class=\"column one\">\n\t<p><span class=\"wpcf7-form-control-wrap\" data-name=\"your-message\"><input size=\"40\" maxlength=\"400\" class=\"wpcf7-form-control wpcf7-text\" aria-invalid=\"false\" placeholder=\"Va\u0161a poruka\" value=\"\" type=\"text\" name=\"your-message\" \/><\/span>\n\t<\/p>\n<\/div>\n<div class=\"column one\">\n\t<p><span class=\"wpcf7-form-control-wrap\" data-name=\"acceptance-53\"><span class=\"wpcf7-form-control wpcf7-acceptance optional\"><span class=\"wpcf7-list-item\"><label><input type=\"checkbox\" name=\"acceptance-53\" value=\"1\" aria-invalid=\"false\" \/><span class=\"wpcf7-list-item-label\">Kori\u0161tenjem ovog obrasca sla\u017eete se s pohranom i obradom va\u0161ih podataka od strane ove web stranice.<\/span><\/label><\/span><\/span><\/span>\n\t<\/p>\n<\/div>\n<div class=\"column one\">\n\t<p><input class=\"wpcf7-form-control wpcf7-submit has-spinner button_full_width\" type=\"submit\" value=\"Po\u0161aljite poruku\" \/>\n\t<\/p>\n<\/div><div class=\"wpcf7-response-output\" aria-hidden=\"true\"><\/div>\n<\/form>\n<\/div>\n<\/div>\n\t\t\t\t\t\t<\/div>\n\t\t\t\t<\/div>\n\t\t\t\t\t<\/div>\n\t\t<\/div>\n\t\t\t\t\t<\/div>\n\t\t<\/section>\n\t\t\t\t\t<\/div>\n\t\t<\/div>\n\t\t\t\t\t<\/div>\n\t\t<\/section>\n\t\t\t\t<section class=\"elementor-section elementor-top-section elementor-element elementor-element-3465b12 elementor-section-full_width elementor-section-stretched elementor-section-height-default elementor-section-height-default\" data-id=\"3465b12\" data-element_type=\"section\" data-settings=\"{&quot;stretch_section&quot;:&quot;section-stretched&quot;}\">\n\t\t\t\t\t\t<div class=\"elementor-container elementor-column-gap-no\">\n\t\t\t\t\t<div class=\"elementor-column elementor-col-100 elementor-top-column elementor-element elementor-element-09a3c71\" data-id=\"09a3c71\" data-element_type=\"column\">\n\t\t\t<div class=\"elementor-widget-wrap elementor-element-populated\">\n\t\t\t\t\t\t<div class=\"elementor-element elementor-element-c0a0172 elementor-widget elementor-widget-google_maps\" data-id=\"c0a0172\" data-element_type=\"widget\" data-widget_type=\"google_maps.default\">\n\t\t\t\t<div class=\"elementor-widget-container\">\n\t\t\t\t\t\t\t<div class=\"elementor-custom-embed\">\n\t\t\t<iframe loading=\"lazy\"\n\t\t\t\t\tsrc=\"https:\/\/maps.google.com\/maps?q=STS-Tech&#038;t=m&#038;z=8&#038;output=embed&#038;iwloc=near\"\n\t\t\t\t\ttitle=\"STS-Tech\"\n\t\t\t\t\taria-label=\"STS-Tech\"\n\t\t\t><\/iframe>\n\t\t<\/div>\n\t\t\t\t\t\t<\/div>\n\t\t\t\t<\/div>\n\t\t\t\t\t<\/div>\n\t\t<\/div>\n\t\t\t\t\t<\/div>\n\t\t<\/section>\n\t\t\t\t<\/div>\n\t\t","protected":false},"excerpt":{"rendered":"<p>KONTAKT U slu\u010daju pitanja, slobodno nas kontaktirajte telefonom, putem kontakt obrasca ili e-maila. +385 (0)40 629 914 info@sts-tech.hr Sjedi\u0161te tvrtke i proizvodnja Ulica Svetog Josipa Radnika<span class=\"excerpt-hellip\"> [\u2026]<\/span><\/p>\n","protected":false},"author":1,"featured_media":0,"parent":0,"menu_order":0,"comment_status":"open","ping_status":"closed","template":"","meta":{"footnotes":""},"class_list":["post-1214","page","type-page","status-publish","hentry"],"yoast_head":"<!-- This site is optimized with the Yoast SEO plugin v24.4 - https:\/\/yoast.com\/wordpress\/plugins\/seo\/ -->\n<title>Kontakt - STS-Tech.hr<\/title>\n<meta name=\"robots\" content=\"index, follow, max-snippet:-1, max-image-preview:large, max-video-preview:-1\" \/>\n<link rel=\"canonical\" href=\"https:\/\/sts-tech.hr\/hr\/kontakt\/\" \/>\n<meta property=\"og:locale\" content=\"hr_HR\" \/>\n<meta property=\"og:type\" content=\"article\" \/>\n<meta property=\"og:title\" content=\"Kontakt - STS-Tech.hr\" \/>\n<meta property=\"og:description\" content=\"KONTAKT U slu\u010daju pitanja, slobodno nas kontaktirajte telefonom, putem kontakt obrasca ili e-maila. +385 (0)40 629 914 info@sts-tech.hr Sjedi\u0161te tvrtke i proizvodnja Ulica Svetog Josipa Radnika [\u2026]\" \/>\n<meta property=\"og:url\" content=\"https:\/\/sts-tech.hr\/hr\/kontakt\/\" \/>\n<meta property=\"og:site_name\" content=\"STS-Tech.hr\" \/>\n<meta property=\"article:modified_time\" content=\"2024-09-04T11:36:49+00:00\" \/>\n<meta property=\"og:image\" content=\"https:\/\/sts-tech.hr\/wp-content\/uploads\/2023\/08\/sts-dron-screenshot-1-1200x675.jpg\" \/>\n<meta name=\"twitter:card\" content=\"summary_large_image\" \/>\n<meta name=\"twitter:label1\" content=\"Procijenjeno vrijeme \u010ditanja\" \/>\n\t<meta name=\"twitter:data1\" content=\"2 minute\" \/>\n<script type=\"application\/ld+json\" class=\"yoast-schema-graph\">{\"@context\":\"https:\/\/schema.org\",\"@graph\":[{\"@type\":\"WebPage\",\"@id\":\"https:\/\/sts-tech.hr\/hr\/kontakt\/\",\"url\":\"https:\/\/sts-tech.hr\/hr\/kontakt\/\",\"name\":\"Kontakt - STS-Tech.hr\",\"isPartOf\":{\"@id\":\"https:\/\/sts-tech.hr\/hr\/#website\"},\"primaryImageOfPage\":{\"@id\":\"https:\/\/sts-tech.hr\/hr\/kontakt\/#primaryimage\"},\"image\":{\"@id\":\"https:\/\/sts-tech.hr\/hr\/kontakt\/#primaryimage\"},\"thumbnailUrl\":\"https:\/\/sts-tech.hr\/wp-content\/uploads\/2023\/08\/sts-dron-screenshot-1-1200x675.jpg\",\"datePublished\":\"2023-03-06T07:49:03+00:00\",\"dateModified\":\"2024-09-04T11:36:49+00:00\",\"breadcrumb\":{\"@id\":\"https:\/\/sts-tech.hr\/hr\/kontakt\/#breadcrumb\"},\"inLanguage\":\"hr\",\"potentialAction\":[{\"@type\":\"ReadAction\",\"target\":[\"https:\/\/sts-tech.hr\/hr\/kontakt\/\"]}]},{\"@type\":\"ImageObject\",\"inLanguage\":\"hr\",\"@id\":\"https:\/\/sts-tech.hr\/hr\/kontakt\/#primaryimage\",\"url\":\"https:\/\/sts-tech.hr\/wp-content\/uploads\/2023\/08\/sts-dron-screenshot-1-1200x675.jpg\",\"contentUrl\":\"https:\/\/sts-tech.hr\/wp-content\/uploads\/2023\/08\/sts-dron-screenshot-1-1200x675.jpg\"},{\"@type\":\"BreadcrumbList\",\"@id\":\"https:\/\/sts-tech.hr\/hr\/kontakt\/#breadcrumb\",\"itemListElement\":[{\"@type\":\"ListItem\",\"position\":1,\"name\":\"Po\u010detna stranica\",\"item\":\"https:\/\/sts-tech.hr\/hr\/\"},{\"@type\":\"ListItem\",\"position\":2,\"name\":\"Kontakt\"}]},{\"@type\":\"WebSite\",\"@id\":\"https:\/\/sts-tech.hr\/hr\/#website\",\"url\":\"https:\/\/sts-tech.hr\/hr\/\",\"name\":\"STS-Tech.hr\",\"description\":\"Dein Partner f\u00fcr den Maschinenbau\",\"potentialAction\":[{\"@type\":\"SearchAction\",\"target\":{\"@type\":\"EntryPoint\",\"urlTemplate\":\"https:\/\/sts-tech.hr\/hr\/?s={search_term_string}\"},\"query-input\":{\"@type\":\"PropertyValueSpecification\",\"valueRequired\":true,\"valueName\":\"search_term_string\"}}],\"inLanguage\":\"hr\"}]}<\/script>\n<!-- \/ Yoast SEO plugin. -->","yoast_head_json":{"title":"Kontakt - STS-Tech.hr","robots":{"index":"index","follow":"follow","max-snippet":"max-snippet:-1","max-image-preview":"max-image-preview:large","max-video-preview":"max-video-preview:-1"},"canonical":"https:\/\/sts-tech.hr\/hr\/kontakt\/","og_locale":"hr_HR","og_type":"article","og_title":"Kontakt - STS-Tech.hr","og_description":"KONTAKT U slu\u010daju pitanja, slobodno nas kontaktirajte telefonom, putem kontakt obrasca ili e-maila. +385 (0)40 629 914 info@sts-tech.hr Sjedi\u0161te tvrtke i proizvodnja Ulica Svetog Josipa Radnika [\u2026]","og_url":"https:\/\/sts-tech.hr\/hr\/kontakt\/","og_site_name":"STS-Tech.hr","article_modified_time":"2024-09-04T11:36:49+00:00","og_image":[{"url":"https:\/\/sts-tech.hr\/wp-content\/uploads\/2023\/08\/sts-dron-screenshot-1-1200x675.jpg","type":"","width":"","height":""}],"twitter_card":"summary_large_image","twitter_misc":{"Procijenjeno vrijeme \u010ditanja":"2 minute"},"schema":{"@context":"https:\/\/schema.org","@graph":[{"@type":"WebPage","@id":"https:\/\/sts-tech.hr\/hr\/kontakt\/","url":"https:\/\/sts-tech.hr\/hr\/kontakt\/","name":"Kontakt - STS-Tech.hr","isPartOf":{"@id":"https:\/\/sts-tech.hr\/hr\/#website"},"primaryImageOfPage":{"@id":"https:\/\/sts-tech.hr\/hr\/kontakt\/#primaryimage"},"image":{"@id":"https:\/\/sts-tech.hr\/hr\/kontakt\/#primaryimage"},"thumbnailUrl":"https:\/\/sts-tech.hr\/wp-content\/uploads\/2023\/08\/sts-dron-screenshot-1-1200x675.jpg","datePublished":"2023-03-06T07:49:03+00:00","dateModified":"2024-09-04T11:36:49+00:00","breadcrumb":{"@id":"https:\/\/sts-tech.hr\/hr\/kontakt\/#breadcrumb"},"inLanguage":"hr","potentialAction":[{"@type":"ReadAction","target":["https:\/\/sts-tech.hr\/hr\/kontakt\/"]}]},{"@type":"ImageObject","inLanguage":"hr","@id":"https:\/\/sts-tech.hr\/hr\/kontakt\/#primaryimage","url":"https:\/\/sts-tech.hr\/wp-content\/uploads\/2023\/08\/sts-dron-screenshot-1-1200x675.jpg","contentUrl":"https:\/\/sts-tech.hr\/wp-content\/uploads\/2023\/08\/sts-dron-screenshot-1-1200x675.jpg"},{"@type":"BreadcrumbList","@id":"https:\/\/sts-tech.hr\/hr\/kontakt\/#breadcrumb","itemListElement":[{"@type":"ListItem","position":1,"name":"Po\u010detna stranica","item":"https:\/\/sts-tech.hr\/hr\/"},{"@type":"ListItem","position":2,"name":"Kontakt"}]},{"@type":"WebSite","@id":"https:\/\/sts-tech.hr\/hr\/#website","url":"https:\/\/sts-tech.hr\/hr\/","name":"STS-Tech.hr","description":"Dein Partner f\u00fcr den Maschinenbau","potentialAction":[{"@type":"SearchAction","target":{"@type":"EntryPoint","urlTemplate":"https:\/\/sts-tech.hr\/hr\/?s={search_term_string}"},"query-input":{"@type":"PropertyValueSpecification","valueRequired":true,"valueName":"search_term_string"}}],"inLanguage":"hr"}]}},"_links":{"self":[{"href":"https:\/\/sts-tech.hr\/hr\/wp-json\/wp\/v2\/pages\/1214","targetHints":{"allow":["GET"]}}],"collection":[{"href":"https:\/\/sts-tech.hr\/hr\/wp-json\/wp\/v2\/pages"}],"about":[{"href":"https:\/\/sts-tech.hr\/hr\/wp-json\/wp\/v2\/types\/page"}],"author":[{"embeddable":true,"href":"https:\/\/sts-tech.hr\/hr\/wp-json\/wp\/v2\/users\/1"}],"replies":[{"embeddable":true,"href":"https:\/\/sts-tech.hr\/hr\/wp-json\/wp\/v2\/comments?post=1214"}],"version-history":[{"count":7,"href":"https:\/\/sts-tech.hr\/hr\/wp-json\/wp\/v2\/pages\/1214\/revisions"}],"predecessor-version":[{"id":1236,"href":"https:\/\/sts-tech.hr\/hr\/wp-json\/wp\/v2\/pages\/1214\/revisions\/1236"}],"wp:attachment":[{"href":"https:\/\/sts-tech.hr\/hr\/wp-json\/wp\/v2\/media?parent=1214"}],"curies":[{"name":"wp","href":"https:\/\/api.w.org\/{rel}","templated":true}]}}